{"id":223513,"date":"2020-05-27T14:59:14","date_gmt":"2020-05-27T13:59:14","guid":{"rendered":"http:\/\/www.anyrt.hu\/de\/?page_id=223513"},"modified":"2020-05-27T15:50:11","modified_gmt":"2020-05-27T14:50:11","slug":"env","status":"publish","type":"page","link":"https:\/\/www.anyrt.hu\/de\/env\/","title":{"rendered":"Klimaschutz"},"content":{"rendered":"<p>[et_pb_section fb_built=&#8220;1&#8243; inner_shadow=&#8220;on&#8220; _builder_version=&#8220;3.22&#8243; background_image=&#8220;http:\/\/www.anyrt.hu\/de\/wp-content\/uploads\/sites\/4\/2018\/10\/Lino-head-1920&#215;180.jpg&#8220; background_size=&#8220;initial&#8220; background_position=&#8220;top_center&#8220; module_alignment=&#8220;center&#8220; custom_margin=&#8220;0px||0px|&#8220; custom_padding=&#8220;0px||0px|&#8220;][et_pb_row custom_padding=&#8220;0px|0px|80px|0px&#8220; custom_margin=&#8220;0px|||&#8220; make_equal=&#8220;on&#8220; module_class=&#8220; et_pb_row_fullwidth&#8220; _builder_version=&#8220;3.25&#8243; width=&#8220;89%&#8220; width_tablet=&#8220;80%&#8220; width_last_edited=&#8220;on|desktop&#8220; max_width=&#8220;89%&#8220; max_width_tablet=&#8220;80%&#8220; max_width_last_edited=&#8220;on|desktop&#8220; module_alignment=&#8220;center&#8220; make_fullwidth=&#8220;on&#8220; custom_width_px=&#8220;1220px&#8220;][et_pb_column type=&#8220;4_4&#8243; _builder_version=&#8220;3.25&#8243; custom_padding=&#8220;|||&#8220; custom_padding__hover=&#8220;|||&#8220;][et_pb_post_title meta=&#8220;off&#8220; featured_image=&#8220;off&#8220; text_color=&#8220;light&#8220; _builder_version=&#8220;3.15&#8243; title_level=&#8220;h2&#8243; title_font=&#8220;Arial||||||||&#8220; title_text_align=&#8220;center&#8220; title_text_color=&#8220;#ffffcc&#8220; title_font_size=&#8220;32px&#8220; title_letter_spacing=&#8220;1px&#8220; text_orientation=&#8220;center&#8220; custom_margin=&#8220;80px|||&#8220; text_shadow_style=&#8220;preset3&#8243;][\/et_pb_post_title][\/et_pb_column][\/et_pb_row][et_pb_row column_structure=&#8220;1_3,2_3&#8243; _builder_version=&#8220;3.25&#8243; background_size=&#8220;initial&#8220; background_position=&#8220;top_left&#8220; background_repeat=&#8220;repeat&#8220;][et_pb_column type=&#8220;1_3&#8243; _builder_version=&#8220;3.25&#8243; custom_padding=&#8220;|||&#8220; custom_padding__hover=&#8220;|||&#8220;][et_pb_image src=&#8220;http:\/\/www.anyrt.hu\/de\/wp-content\/uploads\/sites\/4\/2020\/05\/eecs-logo.png&#8220; align_tablet=&#8220;center&#8220; align_last_edited=&#8220;on|desktop&#8220; _builder_version=&#8220;3.26.3&#8243;][\/et_pb_image][et_pb_divider show_divider=&#8220;off&#8220; _builder_version=&#8220;3.15&#8243; height=&#8220;30px&#8220;][\/et_pb_divider][\/et_pb_column][et_pb_column type=&#8220;2_3&#8243; _builder_version=&#8220;3.25&#8243; custom_padding=&#8220;|||&#8220; custom_padding__hover=&#8220;|||&#8220;][et_pb_text _builder_version=&#8220;3.26.3&#8243; header_2_text_color=&#8220;#b08070&#8243; header_3_text_color=&#8220;#b08070&#8243;]<\/p>\n<h2>Sehr geehrte Partner von uns,<\/h2>\n<p>[\/et_pb_text][et_pb_text _builder_version=&#8220;3.26.3&#8243;]Alf\u00f6ldi Druckerei engagiert f\u00fcr Umweltbewusstsein kauft schon seit mehreren Jahren gr\u00fcne Energie f\u00fcr Versicherung der Produktion. Dieses Jahr haben wir die Ebene erreicht, wo wir fast 50 % unseres Stromverbrauchs aus gr\u00fcner (erneubar, mit Herkunftsnachweis ersorgt, GoO) Energiequellen decken. Au\u00dferdem verf\u00fcgen wir \u00fcber ISO 14001 und ISO 50001 Zertifikate und bieten wir FSC\u00ae zertifizierte Produkte unseren Kunden an. Falls unsere Kunden mehr f\u00fcr ihre Umwelt tun m\u00f6chten, k\u00f6nnen sie mit CO2 Abl\u00f6sung durch der Climate Partner Organisation mit unserer Mitwirkung leben.<\/p>\n<p><strong>F\u00fcr weitere Informationen besuchen Sie bitte die folgende Webseiten:<\/strong><br \/>\n<a href=\"https:\/\/www.anyrt.hu\/dl\/CP_DE_brochure.pdf\" title=\"Click here!\" target=\"_blank\">CP Marketingbroschuere<\/a><br \/>\n<a href=\"https:\/\/fsc.org\/en\" title=\"Click here!\" target=\"_blank\">https:\/\/fsc.org\/en<\/a><br \/>\n<a href=\"https:\/\/www.recs.org\/public-information\" title=\"Click here!\" target=\"_blank\">https:\/\/www.recs.org\/public-information<\/a>[\/et_pb_text][\/et_pb_column][\/et_pb_row][\/et_pb_section][et_pb_section fb_built=&#8220;1&#8243; inner_shadow=&#8220;on&#8220; _builder_version=&#8220;3.22&#8243; background_color=&#8220;#ffffff&#8220; custom_margin=&#8220;||0px|&#8220; custom_padding=&#8220;||0px|&#8220;][et_pb_row custom_padding=&#8220;||0px|&#8220; custom_margin=&#8220;||0px|&#8220; module_class=&#8220; et_pb_row_fullwidth&#8220; _builder_version=&#8220;3.25&#8243; width=&#8220;89%&#8220; width_tablet=&#8220;80%&#8220; width_last_edited=&#8220;on|desktop&#8220; max_width=&#8220;89%&#8220; max_width_tablet=&#8220;80%&#8220; max_width_last_edited=&#8220;on|desktop&#8220; module_alignment=&#8220;center&#8220; make_fullwidth=&#8220;on&#8220;][et_pb_column type=&#8220;4_4&#8243; _builder_version=&#8220;3.25&#8243; custom_padding=&#8220;||0px|&#8220; custom_padding__hover=&#8220;|||&#8220;][et_pb_divider color=&#8220;#660000&#8243; divider_position=&#8220;bottom&#8220; divider_weight=&#8220;3&#8243; _builder_version=&#8220;3.15&#8243; height=&#8220;30px&#8220; custom_margin=&#8220;0px||0px|&#8220; custom_padding=&#8220;0px||0px|&#8220;][\/et_pb_divider][\/et_pb_column][\/et_pb_row][\/et_pb_section]<\/p>\n","protected":false},"excerpt":{"rendered":"<p>Sehr geehrte Partner von uns,Alf\u00f6ldi Druckerei engagiert f\u00fcr Umweltbewusstsein kauft schon seit mehreren Jahren gr\u00fcne Energie f\u00fcr Versicherung der Produktion. Dieses Jahr haben wir die Ebene erreicht, wo wir fast 50 % unseres Stromverbrauchs aus gr\u00fcner (erneubar, mit Herkunftsnachweis ersorgt, GoO) Energiequellen decken. Au\u00dferdem verf\u00fcgen wir \u00fcber ISO 14001 und ISO 50001 Zertifikate und bieten [&hellip;]<\/p>\n","protected":false},"author":1,"featured_media":0,"parent":0,"menu_order":0,"comment_status":"closed","ping_status":"closed","template":"","meta":{"_et_pb_use_builder":"on","_et_pb_old_content":"","_et_gb_content_width":""},"_links":{"self":[{"href":"https:\/\/www.anyrt.hu\/de\/wp-json\/wp\/v2\/pages\/223513"}],"collection":[{"href":"https:\/\/www.anyrt.hu\/de\/wp-json\/wp\/v2\/pages"}],"about":[{"href":"https:\/\/www.anyrt.hu\/de\/wp-json\/wp\/v2\/types\/page"}],"author":[{"embeddable":true,"href":"https:\/\/www.anyrt.hu\/de\/wp-json\/wp\/v2\/users\/1"}],"replies":[{"embeddable":true,"href":"https:\/\/www.anyrt.hu\/de\/wp-json\/wp\/v2\/comments?post=223513"}],"version-history":[{"count":4,"href":"https:\/\/www.anyrt.hu\/de\/wp-json\/wp\/v2\/pages\/223513\/revisions"}],"predecessor-version":[{"id":223522,"href":"https:\/\/www.anyrt.hu\/de\/wp-json\/wp\/v2\/pages\/223513\/revisions\/223522"}],"wp:attachment":[{"href":"https:\/\/www.anyrt.hu\/de\/wp-json\/wp\/v2\/media?parent=223513"}],"curies":[{"name":"wp","href":"https:\/\/api.w.org\/{rel}","templated":true}]}}