{"id":694,"date":"2018-11-11T23:28:18","date_gmt":"2018-11-11T21:28:18","guid":{"rendered":"http:\/\/service.anyrt.hu\/anyrthu\/?page_id=694"},"modified":"2023-09-20T09:45:52","modified_gmt":"2023-09-20T08:45:52","slug":"machinery","status":"publish","type":"page","link":"https:\/\/www.anyrt.hu\/de\/machinery\/","title":{"rendered":"Maschinenpark"},"content":{"rendered":"<p>[et_pb_section fb_built=&#8220;1&#8243; _builder_version=&#8220;4.16&#8243; background_image=&#8220;http:\/\/www.anyrt.hu\/de\/wp-content\/uploads\/sites\/4\/2018\/10\/Lino-head-1920&#215;180.jpg&#8220; background_size=&#8220;initial&#8220; background_position=&#8220;top_center&#8220; custom_margin=&#8220;0px||0px|&#8220; custom_padding=&#8220;0px||0px|&#8220; global_colors_info=&#8220;{}&#8220;][et_pb_row make_equal=&#8220;on&#8220; module_class=&#8220; et_pb_row_fullwidth&#8220; _builder_version=&#8220;4.16&#8243; width=&#8220;89%&#8220; width_tablet=&#8220;80%&#8220; width_phone=&#8220;80%&#8220; width_last_edited=&#8220;on|desktop&#8220; max_width=&#8220;89%&#8220; max_width_tablet=&#8220;80%&#8220; max_width_phone=&#8220;80%&#8220; max_width_last_edited=&#8220;on|desktop&#8220; module_alignment=&#8220;center&#8220; custom_margin=&#8220;0px|||&#8220; custom_padding=&#8220;0px|0px|80px|0px&#8220; make_fullwidth=&#8220;on&#8220; global_colors_info=&#8220;{}&#8220;][et_pb_column type=&#8220;4_4&#8243; _builder_version=&#8220;4.16&#8243; custom_padding=&#8220;|||&#8220; global_colors_info=&#8220;{}&#8220; custom_padding__hover=&#8220;|||&#8220;][et_pb_post_title meta=&#8220;off&#8220; featured_image=&#8220;off&#8220; text_color=&#8220;light&#8220; _builder_version=&#8220;4.16&#8243; title_level=&#8220;h2&#8243; title_font=&#8220;Arial||||||||&#8220; title_text_align=&#8220;center&#8220; title_text_color=&#8220;#ffffcc&#8220; title_font_size=&#8220;32px&#8220; title_letter_spacing=&#8220;1px&#8220; text_orientation=&#8220;center&#8220; custom_margin=&#8220;80px|||&#8220; text_shadow_style=&#8220;preset3&#8243; global_colors_info=&#8220;{}&#8220;][\/et_pb_post_title][\/et_pb_column][\/et_pb_row][et_pb_row _builder_version=&#8220;4.16&#8243; global_colors_info=&#8220;{}&#8220;][et_pb_column type=&#8220;4_4&#8243; _builder_version=&#8220;4.16&#8243; custom_padding=&#8220;|||&#8220; global_colors_info=&#8220;{}&#8220; custom_padding__hover=&#8220;|||&#8220;][et_pb_tabs active_tab_background_color=&#8220;#b9aa81&#8243; inactive_tab_background_color=&#8220;#ffffcc&#8220; admin_label=&#8220;G\u00e9ppark f\u00fclek&#8220; _builder_version=&#8220;4.18.0&#8243; tab_text_color=&#8220;#660000&#8243; tab_font_size=&#8220;16&#8243; tab_letter_spacing=&#8220;1px&#8220; hover_enabled=&#8220;0&#8243; border_width_all=&#8220;2px&#8220; border_color_all=&#8220;#b9aa81&#8243; global_colors_info=&#8220;{}&#8220; sticky_enabled=&#8220;0&#8243;][et_pb_tab title=&#8220;Sheetfed presses&#8220; _builder_version=&#8220;4.18.0&#8243; body_font=&#8220;Verdana||||||||&#8220; global_colors_info=&#8220;{}&#8220;]<\/p>\n<table width=\"auto\">\n<thead>\n<tr>\n<th><span style=\"color: #003366\">Printing machine<\/span><\/th>\n<th><span style=\"color: #003366\">No. of colours<\/span><\/th>\n<th><span style=\"color: #003366\">Sheet size<\/span><\/th>\n<\/tr>\n<\/thead>\n<tbody>\n<tr>\n<td><strong><span id='infopopup-link-XL-106' class='infopopup-link' infopopup_tag='XL-106'>Heidelberg<br>XL-106<\/span><\/strong><\/td>\n<td>4+4 or 8+0<\/td>\n<td>max. 753&#215;1060 mm<br \/>\nmin. 410&#215;480 mm<\/td>\n<\/tr>\n<tr>\n<td><strong><span id='infopopup-link-CD-102' class='infopopup-link' infopopup_tag='CD-102'>Heidelberg<br>CD-102<\/span><\/strong><\/td>\n<td>5+0+varnish<\/td>\n<td>max. 720&#215;1020 mm<br \/>\nmin. 340&#215;480 mm<\/td>\n<\/tr>\n<tr>\n<td><strong><span id='infopopup-link-SM-102-2' class='infopopup-link' infopopup_tag='SM-102-2'>Heidelberg<br>SM-102-2<\/span><\/strong> (2 pcs)<\/td>\n<td>2+0 or 1+1<\/td>\n<td>max. 720&#215;1020 mm<br \/>\nmin. 340&#215;480 mm or<br \/>\nmax. 720&#215;1020 mm<br \/>\nmin. 400&#215;480 mm<\/td>\n<\/tr>\n<tr>\n<td><strong><span id='infopopup-link-XL-75' class='infopopup-link' infopopup_tag='XL-75'>Heidelberg<br>XL-75<\/span><\/strong><\/td>\n<td>6+0+varnish\/UV varnish<\/td>\n<td>max. 530&#215;740 mm<br \/>\nmin. 280&#215;350 mm<\/td>\n<\/tr>\n<\/tbody>\n<\/table>\n<p>&nbsp;[\/et_pb_tab][et_pb_tab title=&#8220;Web offset presses&#8220; _builder_version=&#8220;4.18.0&#8243; body_font=&#8220;Verdana||||||||&#8220; global_colors_info=&#8220;{}&#8220;]<\/p>\n<table width=\"auto\">\n<thead>\n<tr>\n<th><span style=\"color: #003366\">Printing machine<\/span><\/th>\n<th><span style=\"color: #003366\">Cutoff length and No. of colours<\/span><\/th>\n<th><span style=\"color: #003366\">Paper width<\/span><\/th>\n<\/tr>\n<\/thead>\n<tbody>\n<tr>\n<td><strong>KBA C418<\/strong><br \/>\n1 delivery, 2 or 3 folding<br \/>\nfrom 4 pages up to 32 pages<br \/>\ngathered or separated<\/td>\n<td>620 mm<br \/>\n1 web 4+4<\/td>\n<td>max. 1000 mm<br \/>\nmin. 420 mm<\/td>\n<\/tr>\n<tr>\n<td><strong>Polygraph Zirkon Forta<\/strong> (2 pcs)<br \/>\n1 or 2 delivery, with 2 or 3 folding<\/td>\n<td>452 mm<br \/>\n1 web 4+4<br \/>\n2 web 2+2<\/td>\n<td>max. 660 mm<br \/>\nmin. 450 mm<\/td>\n<\/tr>\n<tr>\n<td><strong>Ultraset 72<\/strong> (2 db)<br \/>\n1 delivery, 2 or 3 folding<br \/>\ngathered or separated<\/td>\n<td>504 mm<br \/>\n1 web 2+2<br \/>\n1+1<\/td>\n<td>max. 720 mm<br \/>\nmin. 560 mm<\/td>\n<\/tr>\n<\/tbody>\n<\/table>\n<p>[\/et_pb_tab][et_pb_tab title=&#8220;Bindery&#8220; _builder_version=&#8220;4.18.0&#8243; body_font=&#8220;Verdana||||||||&#8220; hover_enabled=&#8220;0&#8243; body_font_size_tablet=&#8220;16&#8243; body_font_size_phone=&#8220;16&#8243; global_colors_info=&#8220;{}&#8220; sticky_enabled=&#8220;0&#8243;]<\/p>\n<table width=\"auto\" border=\"0\">\n<thead>\n<tr>\n<th><span style=\"color: #003366\">Type of machine<\/span><\/th>\n<th><span style=\"color: #003366\">Sizes<\/span><\/th>\n<\/tr>\n<\/thead>\n<tbody>\n<tr>\n<td><strong>CUTTING<\/strong><\/td>\n<td><\/td>\n<\/tr>\n<tr>\n<td>Heidelberg Polar 115 X<\/td>\n<td>cutting length: max. 1150 mm; \u00edvoszlop mag.: max 150 mm<\/td>\n<\/tr>\n<tr>\n<td>Heidelberg Polar N 115 Plus<\/td>\n<td>cutting length: max. 1150 mm; \u00edvoszlop mag.: max 165 mm<\/td>\n<\/tr>\n<tr>\n<td>SEYPA 115 I<\/td>\n<td>cutting length: max. 1150 mm; \u00edvoszlop mag.: max 145 mm<\/td>\n<\/tr>\n<tr>\n<td>Maxima MS 80<\/td>\n<td>cutting length: max. 800 mm; \u00edvoszlop mag.: max 120 mm<\/td>\n<\/tr>\n<tr>\n<td><\/td>\n<td><\/td>\n<\/tr>\n<tr>\n<td><strong>FOLDING<\/strong><\/td>\n<td><\/td>\n<\/tr>\n<tr>\n<td>MBO K760E<\/td>\n<td>max. 760&#215;1080 mm; min. 150&#215;250 mm<\/td>\n<\/tr>\n<tr>\n<td>Heidelberg PFH&gt;<\/td>\n<td>max. 780&#215;1150 mm; min. 140&#215;180 mm<\/td>\n<\/tr>\n<tr>\n<td>MBO K76<\/td>\n<td>max. 760&#215;1080 mm; min. 150&#215;250 mm<\/td>\n<\/tr>\n<tr>\n<td>MBO K70\/4 S-KTL<\/td>\n<td>max. 760&#215;1200 mm; min. 170&#215;250 mm<\/td>\n<\/tr>\n<tr>\n<td>MBO M80<\/td>\n<td>max. 830&#215;1200 mm; min. 170&#215;200 mm<\/td>\n<\/tr>\n<tr>\n<td>Multieffekt 2056<\/td>\n<td>max. 420&#215;592 mm; min. 150&#215;210 mm<\/td>\n<\/tr>\n<tr>\n<td><\/td>\n<td><\/td>\n<\/tr>\n<tr>\n<td><strong>GATHERING<\/strong><\/td>\n<td><\/td>\n<\/tr>\n<tr>\n<td>Kolbus ZU 841 A<\/td>\n<td>max. 320&#215;460 mm; min. 105&#215;105 mm<\/td>\n<\/tr>\n<tr>\n<td>Kolbus ZU 805<\/td>\n<td>max. 320&#215;460 mm; min. 100&#215;105 mm<\/td>\n<\/tr>\n<tr>\n<td>Mono-Block (M\u00fcller-Martini)<\/td>\n<td>max. 310&#215;430 mm; min. 100&#215;140 mm<\/td>\n<\/tr>\n<tr>\n<td><\/td>\n<td><\/td>\n<\/tr>\n<tr>\n<td><strong>BOOK SEWING<\/strong><\/td>\n<td><\/td>\n<\/tr>\n<tr>\n<td>M\u00fcller-Martini CH-4800<\/td>\n<td>max. 310&#215;360 mm; min. 100&#215;140 mm; min. 3 sheets (min. 4mm)<\/td>\n<\/tr>\n<tr>\n<td>Aster 220SA<\/td>\n<td>max. 320&#215;420 mm; min. 110&#215;150 mm; min. 2 sheets<\/td>\n<\/tr>\n<tr>\n<td>Aster EVO<\/td>\n<td>max. 320&#215;420 mm; min. 75&#215;120 mm; min. 2 sheets<\/td>\n<\/tr>\n<tr>\n<td><\/td>\n<td><\/td>\n<\/tr>\n<tr>\n<td><strong>SADDLE STITCHING<\/strong><\/td>\n<td><\/td>\n<\/tr>\n<tr>\n<td>M\u00fcller-Martini Primera<\/td>\n<td>gathering: 7 stations; max. 320&#215;485 mm; min. 110&#215;120 mm<br \/>\nstitcher: max. 325&#215;485 mm; min. 115&#215;120 mm<br \/>\nhalf product thickness: max. 4 mm; min. 0,5 mm<br \/>\ncutting: max. 300&#215;480 mm; min. 75&#215;105 mm<\/td>\n<\/tr>\n<tr>\n<td><\/td>\n<td><\/td>\n<\/tr>\n<tr>\n<td><strong>PERFECT BINDING<\/strong><\/td>\n<td><\/td>\n<\/tr>\n<tr>\n<td>Kolbus KM 473<\/td>\n<td>max. 320x383x70 mm; max. 190x460x70 mm; min. 100x105x3 mm<\/td>\n<\/tr>\n<tr>\n<td>Kolbus KM 610<\/td>\n<td>max. 320x383x60 mm; max. 190x460x60 mm; min. 100x105x3 mm<\/td>\n<\/tr>\n<tr>\n<td><\/td>\n<td><\/td>\n<\/tr>\n<tr>\n<td><strong>THREE KNIFE TRIMMER<\/strong><\/td>\n<td><\/td>\n<\/tr>\n<tr>\n<td>Kolbus HD 143 P<\/td>\n<td>uncut: max. 310x310x70 mm; min. 75x105x3 mm<br \/>\ncut: max. 305x305x70 mm; min. 70x100x3 mm<\/td>\n<\/tr>\n<tr>\n<td>Kolbus HD 153 P<\/td>\n<td>uncut: max. 310x315x70 mm; min. 80x125x5 mm<br \/>\ncut: max. 300x305x70 mm; min. 70x100x3 mm<\/td>\n<\/tr>\n<tr>\n<td>Merit-S<\/td>\n<td>max. 328x380x70 mm; min. 70x124x3 mm<\/td>\n<\/tr>\n<tr>\n<td><\/td>\n<td><\/td>\n<\/tr>\n<tr>\n<td><strong>FRONT CUTTING<\/strong><\/td>\n<td><\/td>\n<\/tr>\n<tr>\n<td>Kolbus FA 650<\/td>\n<td>uncut: max. 375x480x50 mm; min. 105x125x3 mm<br \/>\ncut: max. 350x480x50 mm; min. 100x125x3 mm<\/td>\n<\/tr>\n<tr>\n<td><\/td>\n<td><\/td>\n<\/tr>\n<tr>\n<td><strong>CAISING-IN MACHINE<\/strong><\/td>\n<td><\/td>\n<\/tr>\n<tr>\n<td>Diamant<\/td>\n<td>book block size: max. 300x380x70 mm; min. 70x100x3 mm<br \/>\nbook case: max. 660x390x4 mm; min. 156x105x1 mm<\/td>\n<\/tr>\n<tr>\n<td><\/td>\n<td><\/td>\n<\/tr>\n<tr>\n<td><strong>BOOK CASING<\/strong><\/td>\n<td><\/td>\n<\/tr>\n<tr>\n<td>H\u00f6rauf (bor\u00edt\u00f3m\u00e9ret)<\/td>\n<td>max. 720&#215;410 mm; min. 170&#215;105 mm<\/td>\n<\/tr>\n<tr>\n<td>Petratto Sab 100<br \/>flexo cover making machine, also for cover with flaps<\/td>\n<td>book block size: max. 300x380x40 mm; min. 100&#215;150 mm<br \/>\ncover: max. 380&#215;640 mm; min. 150&#215;200 mm<br \/>\nflap sizes: max. 200 mm (folded flap); min. 60 mm (folded flap)<\/td>\n<\/tr>\n<tr>\n<td><\/td>\n<td><\/td>\n<\/tr>\n<tr>\n<td><strong>EMBOSSING PRESS<\/strong><\/td>\n<td><\/td>\n<\/tr>\n<tr>\n<td>Kolbus PE 70,<br \/>PE\/PE 70<\/td>\n<td>max. 420&#215;280 mm; min. 180&#215;140 mm<br \/>\nprinted surface: max. 420&#215;355 mm; min. 100&#215;90 mm<\/td>\n<\/tr>\n<tr>\n<td><\/td>\n<td><\/td>\n<\/tr>\n<tr>\n<td><strong>LAMINATING<\/strong><\/td>\n<td><\/td>\n<\/tr>\n<tr>\n<td>KOMFI (thermo)<\/td>\n<td>max. 760&#215;1120 mm; min. 300&#215;220 mm<\/td>\n<\/tr>\n<tr>\n<td><\/td>\n<td><\/td>\n<\/tr>\n<tr>\n<td><strong>PACKAGING<\/strong><\/td>\n<td><\/td>\n<\/tr>\n<tr>\n<td>XBV 200 (gathered)<\/td>\n<td>max. width: 300 mm; max. length: 600 mm<br \/>\nmin. width: 100 mm; min. length: 125 mm<\/td>\n<\/tr>\n<tr>\n<td>XBV 150 (gathered)<\/td>\n<td>max. width: 400 mm; max. height: 600 mm<br \/>\nmin. package length: 100 mm; max. package length: 500 mm<\/td>\n<\/tr>\n<tr>\n<td>Hugo Beck (simple and gathered)<\/td>\n<td>max. width: 450 mm; min. width: 25 mm<br \/>\nmin. length: 80 mm; max. lenth: limitless<br \/>\nmin. height: 5 mm; max. height: 170 mm<\/td>\n<\/tr>\n<tr>\n<td>Diaz Serienpacker S1732 (simple)<\/td>\n<td>max. width: 320 mm; max. length: limitless<br \/>\nmin. width: 170 mm; min. length: limitless<br \/>\nmax. thickness: 70 mm; min. thickness: 1 mm<\/td>\n<\/tr>\n<tr>\n<td>Vision Pack 5000 (manual)<\/td>\n<td>max. width: 350 mm; max. length: 520 mm<br \/>\nmax. thickness: 150 mm<br \/>\nother dimensions: limitless<\/td>\n<\/tr>\n<\/tbody>\n<\/table>\n<p>[\/et_pb_tab][\/et_pb_tabs][\/et_pb_column][\/et_pb_row][et_pb_row module_class=&#8220; et_pb_row_fullwidth&#8220; _builder_version=&#8220;4.16&#8243; width=&#8220;89%&#8220; width_tablet=&#8220;80%&#8220; width_phone=&#8220;80%&#8220; width_last_edited=&#8220;on|desktop&#8220; max_width=&#8220;89%&#8220; max_width_tablet=&#8220;80%&#8220; max_width_phone=&#8220;80%&#8220; max_width_last_edited=&#8220;on|desktop&#8220; module_alignment=&#8220;center&#8220; custom_margin=&#8220;||0px|&#8220; custom_padding=&#8220;||0px|&#8220; make_fullwidth=&#8220;on&#8220; global_colors_info=&#8220;{}&#8220;][et_pb_column type=&#8220;4_4&#8243; _builder_version=&#8220;4.16&#8243; custom_padding=&#8220;||0px|&#8220; global_colors_info=&#8220;{}&#8220; custom_padding__hover=&#8220;|||&#8220;][et_pb_divider color=&#8220;#660000&#8243; divider_position=&#8220;bottom&#8220; divider_weight=&#8220;3&#8243; _builder_version=&#8220;4.16&#8243; height=&#8220;30px&#8220; custom_margin=&#8220;0px||0px|&#8220; custom_padding=&#8220;0px||0px|&#8220; global_colors_info=&#8220;{}&#8220;][\/et_pb_divider][\/et_pb_column][\/et_pb_row][\/et_pb_section]<\/p>\n","protected":false},"excerpt":{"rendered":"<p>Printing machine No. of colours Sheet size <span id='infopopup-link-XL-106' class='infopopup-link' infopopup_tag='XL-106'>Heidelberg<br>XL-106<\/span> 4+4 or 8+0 max. 753&#215;1060 mm min. 410&#215;480 mm <span id='infopopup-link-CD-102' class='infopopup-link' infopopup_tag='CD-102'>Heidelberg<br>CD-102<\/span> 5+0+varnish max. 720&#215;1020 mm min. 340&#215;480 mm <span id='infopopup-link-SM-102-2' class='infopopup-link' infopopup_tag='SM-102-2'>Heidelberg<br>SM-102-2<\/span> (2 pcs) 2+0 or 1+1 max. 720&#215;1020 mm min. 340&#215;480 mm or max. 720&#215;1020 mm min. 400&#215;480 mm <span id='infopopup-link-XL-75' class='infopopup-link' infopopup_tag='XL-75'>Heidelberg<br>XL-75<\/span> 6+0+varnish\/UV varnish [&hellip;]<\/p>\n","protected":false},"author":1,"featured_media":0,"parent":0,"menu_order":0,"comment_status":"closed","ping_status":"closed","template":"","meta":{"_et_pb_use_builder":"on","_et_pb_old_content":"","_et_gb_content_width":""},"_links":{"self":[{"href":"https:\/\/www.anyrt.hu\/de\/wp-json\/wp\/v2\/pages\/694"}],"collection":[{"href":"https:\/\/www.anyrt.hu\/de\/wp-json\/wp\/v2\/pages"}],"about":[{"href":"https:\/\/www.anyrt.hu\/de\/wp-json\/wp\/v2\/types\/page"}],"author":[{"embeddable":true,"href":"https:\/\/www.anyrt.hu\/de\/wp-json\/wp\/v2\/users\/1"}],"replies":[{"embeddable":true,"href":"https:\/\/www.anyrt.hu\/de\/wp-json\/wp\/v2\/comments?post=694"}],"version-history":[{"count":6,"href":"https:\/\/www.anyrt.hu\/de\/wp-json\/wp\/v2\/pages\/694\/revisions"}],"predecessor-version":[{"id":223630,"href":"https:\/\/www.anyrt.hu\/de\/wp-json\/wp\/v2\/pages\/694\/revisions\/223630"}],"wp:attachment":[{"href":"https:\/\/www.anyrt.hu\/de\/wp-json\/wp\/v2\/media?parent=694"}],"curies":[{"name":"wp","href":"https:\/\/api.w.org\/{rel}","templated":true}]}}