{"id":870,"date":"2018-11-25T19:08:19","date_gmt":"2018-11-25T17:08:19","guid":{"rendered":"http:\/\/service.anyrt.hu\/anyrthu\/?page_id=870"},"modified":"2021-06-17T11:15:05","modified_gmt":"2021-06-17T10:15:05","slug":"datenabgabe","status":"publish","type":"page","link":"https:\/\/www.anyrt.hu\/de\/datenabgabe\/","title":{"rendered":"Parameter f\u00fcr digitale Datenabgabe"},"content":{"rendered":"<p>[et_pb_section fb_built=&#8220;1&#8243; inner_shadow=&#8220;on&#8220; _builder_version=&#8220;3.22&#8243; background_image=&#8220;http:\/\/www.anyrt.hu\/de\/wp-content\/uploads\/sites\/4\/2018\/10\/Lino-head-1920&#215;180.jpg&#8220; background_size=&#8220;initial&#8220; background_position=&#8220;top_center&#8220; module_alignment=&#8220;center&#8220; custom_margin=&#8220;0px||0px|&#8220; custom_padding=&#8220;0px||0px|&#8220;][et_pb_row custom_padding=&#8220;0px|0px|80px|0px&#8220; custom_margin=&#8220;0px|||&#8220; make_equal=&#8220;on&#8220; module_class=&#8220; et_pb_row_fullwidth&#8220; _builder_version=&#8220;3.25&#8243; width=&#8220;89%&#8220; width_tablet=&#8220;80%&#8220; width_last_edited=&#8220;on|desktop&#8220; max_width=&#8220;89%&#8220; max_width_tablet=&#8220;80%&#8220; max_width_last_edited=&#8220;on|desktop&#8220; module_alignment=&#8220;center&#8220; make_fullwidth=&#8220;on&#8220; custom_width_px=&#8220;1220px&#8220;][et_pb_column type=&#8220;4_4&#8243; _builder_version=&#8220;3.25&#8243; custom_padding=&#8220;|||&#8220; custom_padding__hover=&#8220;|||&#8220;][et_pb_post_title meta=&#8220;off&#8220; featured_image=&#8220;off&#8220; text_color=&#8220;light&#8220; _builder_version=&#8220;3.15&#8243; title_level=&#8220;h2&#8243; title_font=&#8220;Arial||||||||&#8220; title_text_align=&#8220;center&#8220; title_text_color=&#8220;#ffffcc&#8220; title_font_size=&#8220;32px&#8220; title_letter_spacing=&#8220;1px&#8220; text_orientation=&#8220;center&#8220; custom_margin=&#8220;80px|||&#8220; text_shadow_style=&#8220;preset3&#8243;][\/et_pb_post_title][\/et_pb_column][\/et_pb_row][et_pb_row custom_padding=&#8220;||20px|&#8220; custom_margin=&#8220;||0px|&#8220; _builder_version=&#8220;3.25&#8243; column_structure=&#8220;1_4,3_4&#8243;][et_pb_column type=&#8220;1_4&#8243; _builder_version=&#8220;3.25&#8243; custom_padding=&#8220;|||&#8220; custom_padding__hover=&#8220;|||&#8220;][et_pb_image src=&#8220;http:\/\/www.anyrt.hu\/de\/wp-content\/uploads\/sites\/4\/2018\/11\/pdf-file-up.jpg&#8220; align_tablet=&#8220;center&#8220; align_last_edited=&#8220;on|desktop&#8220; _builder_version=&#8220;3.23&#8243;][\/et_pb_image][\/et_pb_column][et_pb_column type=&#8220;3_4&#8243; _builder_version=&#8220;3.25&#8243; custom_padding=&#8220;|||&#8220; custom_padding__hover=&#8220;|||&#8220;][et_pb_text admin_label=&#8220;Header&#8220; _builder_version=&#8220;3.18.9&#8243;]<strong>Die Druckerei Alf\u00f6ldi bittet ihre Partner, die digitale Daten ihrer Ausgaben im PDF-Format vorzubereiten. Die zum Druck vorbereiteten PDF-Daten sollen den folgenden Kriterien entsprechen:<\/strong><br \/>\n[\/et_pb_text][et_pb_text _builder_version=&#8220;3.18.9&#8243;]<\/p>\n<ul>\n<li>Komposit PDF-Datei, m\u00f6glicherweise in Format PDF\/X-1a, PDF\/X-3, PDF\/X-3.<\/li>\n<li>CMYK Farbmodus (RGB, CIE, LAB Farbr\u00e4ume k\u00f6nnen wir nicht bearbeiten). Die Verwendung von Direktfarben soll im Auftrag angedeutet werden.<\/li>\n<li>Die Version der PDF-Daten soll von 1.3 bis 1.7 sein (typisch 1.4).<\/li>\n<li>Das Seitenformat der PDF-Daten (trim size) soll mit dem beschnittenen Format \u00fcbereinstimmen.<\/li>\n<li>Zum Beschnitt ist 5-5 mm Anschnitt (bleed) n\u00f6tig.<\/li>\n<li>Die Seiten sollen die n\u00f6tigen Beschnittsmarken und File-Informationen beinhalten. Die Beschnittsmarken sollen unbedingt au\u00dfer des Anschnitts (bleed) sein. Die Anwendung von anderen Druckmarken (Register, Skala) sind zu vermeiden!!<\/li>\n<li>Bei Dratheftung soll man beim Umschlag mehr Anschnitt sichern (mindestens 5 mm).<\/li>\n<li>Bei  mehrseitigen Ausgaben bitten wir Sie die PDF-Daten seitenweise (nicht in Seitenpaare) in der richtigen Reihenfolge inklusive Vakatseiten zusammenzustellen.<\/li>\n<li>Bei  einer Mutationsausgabe (z.B. mehrsprachige Ausgabe) soll man jede Mutation in 4-Farben und mit dergleichen Seitenparametern abgeben. Die nicht mutierenden Farben sollen unver\u00e4ndert bleiben. (Die Trennung der mutierten Teilen ist zu vermeiden, z.B. die Bilder und der Text soll man nicht in getrenten PDF-File erstellen.)<\/li>\n<li>Die Aufl\u00f6sung der Bilder soll m\u00f6glicherweise 300 dpi oder noch h\u00f6her sein (Mindestaufl\u00f6sung ist 240 dpi).<\/li>\n<li>Die enthaltenen Schriften sollen eingebettet sein (embed all fonts).<\/li>\n<li>Die PDF-Dateien d\u00fcrfen keine eingebettene Farbprofile enthalten (leave color unchanged). Die gew\u00fcnschte ICC-Farbprofile sollen w\u00e4hrend der Bildbearbeitung benutzt werden.<\/li>\n<li>Bei den eingebetteten EPS-Dateien soll man die Schriftarten als Kurve umwandeln.<\/li>\n<li>Innerhalb des beschnittenen Formats ist die Verwendung von registration color-Schwarz zu vermeiden! Das ist ein 400% Farbdeckung (C100%, M100%, Y100%, K100%),diese F\u00e4rbung braucht man nur f\u00fcr die technologischen Marken zu verwenden (z.B.Schnittmarken).<\/li>\n<li>Bei gr\u00f6\u00dferen schwarzen Fl\u00e4chen ergibt die Verwendung der Schl\u00fcsselfarbe 100%-schwarz keine richtig tiefe Schwarzfarbe. In solchen F\u00e4llen soll man die starke Farbdeckung vermeiden, weil das \u00dcbereinanderdrucken der vier Grundfarben CMYK  ergibt \u00fcber eine Grenze kein s\u00e4ttiges Tiefschwarz mehr, aber so ein starker Farbauftrag kann zu Farbtrocknungsprobleme f\u00fchren. In diesem Fall soll man das Schwarz mit Cyan s\u00e4ttigen (optimal ist:C40%, K100%).<\/li>\n<li>Schwarzen Text soll man unbedingt in 100% schwarz anlegen. Bei 4-fbg. Textverarbeitung k\u00f6nnen Passerungenauigkeiten \u2013 wegen Papierdehnung \u2013 vorkommen. Bei schwarzem Text (sowie mit Hei\u00dfpr\u00e4gefolie bedruckten Fl\u00e4chen, d\u00fcnnere Linien, Stanzeformen, EAN-code) soll man auf die Einstellung des \u00dcberdruckens (black overprint) aufpassen. Demgegen\u00fcber soll man das \u00dcberduck vermieden, wenn auf die Grundfarben wei\u00dfeTexte, Objekte, oder Pantonefarbe gedruckt werden.<\/li>\n<li>Partieller Spotlack, Klischee, Stanzform und andere Elemente, die nicht tats\u00e4chlich gedruckt werden, nur f\u00fcr die Herstellung eines Werkzeuges n\u00f6tig sind, soll man auf  jeden Fall als dunkle Pantonefarbe (spot color) in getrennten Dateien, als Vektoren anlegen.<\/li>\n<li>Die Gesamtfarbdeckung darf an gr\u00f6\u00dferen Fl\u00e4chen von Bilder und Tonen nicht mehr als 320% sein. H\u00f6here Deckung kann Druck- und Trocknungsprobleme verursachen.<\/li>\n<li>Die Farbdeckung der einzelnen Elemente der Ausgabe soll:<br \/>\n\u2013 bei Rollendruckmaschienen weniger als 300% sein<br \/>\n\u2013 bei Bogendruckmaschienen weniger als 320% sein.<\/li>\n<\/ul>\n<p>&nbsp;<br \/>\n[\/et_pb_text][\/et_pb_column][\/et_pb_row][et_pb_row custom_padding=&#8220;20px|||&#8220; custom_margin=&#8220;0px|||&#8220; _builder_version=&#8220;3.25&#8243; column_structure=&#8220;1_4,3_4&#8243;][et_pb_column type=&#8220;1_4&#8243; _builder_version=&#8220;3.25&#8243; custom_padding=&#8220;|||&#8220; custom_padding__hover=&#8220;|||&#8220;][et_pb_image src=&#8220;http:\/\/www.anyrt.hu\/de\/wp-content\/uploads\/sites\/4\/2018\/11\/ftp-server-icon.jpg&#8220; align_tablet=&#8220;center&#8220; align_last_edited=&#8220;on|desktop&#8220; _builder_version=&#8220;3.23&#8243;][\/et_pb_image][\/et_pb_column][et_pb_column type=&#8220;3_4&#8243; _builder_version=&#8220;3.25&#8243; custom_padding=&#8220;|||&#8220; custom_padding__hover=&#8220;|||&#8220;][et_pb_text admin_label=&#8220;FTP header&#8220; _builder_version=&#8220;3.18.9&#8243;]<strong>Hochladen der Dateien auf den FTP-Server der Druckerei Alf\u00f6ldi:<\/strong><br \/>\n[\/et_pb_text][et_pb_text admin_label=&#8220;FTP sz\u00f6veg&#8220; _builder_version=&#8220;3.26.3&#8243; custom_margin=&#8220;||0px|&#8220; custom_padding=&#8220;||0px|&#8220;]<\/p>\n<ul>\n<li>Unsere FTP-Adresse: repro.anyrt.hu (Sie k\u00f6nnen nur als FTP-Klient hochmelden, von Browser ist der Server nicht erreichbar.)<\/li>\n<li>FTP-Port: 21, passiv port domain: 1025-1500.<\/li>\n<li>Impliziter FTP-Port: 990 (TLS\/SSL, implizit).<\/li>\n<li>Wir sichern Ihnen nach Abstimmung einen eigenen Benutzername und Passwort mit eigenem Speicherraum.<\/li>\n<li>AGFA Apogee Portal Adresse: <strong><a title=\"Kattintson!\" href=\"https:\/\/jobs.anyrt.hu\/productioncenter\" target=\"_blank\" rel=\"noopener\">https:\/\/jobs.anyrt.hu\/productioncenter<\/a><\/strong><\/li>\n<li>Wir sichern Ihnen nach Abstimmung die M\u00f6glichkeit der Verwendung des Apogee Portals (Benutzername, Passwort).<\/li>\n<\/ul>\n<p>[\/et_pb_text][et_pb_text admin_label=&#8220;Seg\u00edts\u00e9g&#8220; _builder_version=&#8220;3.18.9&#8243; custom_margin=&#8220;0px|||&#8220; custom_padding=&#8220;0px|||&#8220;]<strong>Wenn Sie Fragen haben oder sto\u00dfen auf Schwierigkeiten, wenden Sie sich (englisch) an:<br \/>\n<\/strong><\/p>\n<p><strong>J\u00e1nos Dank\u00f3<\/strong><br \/>\nSystemadministrator<br \/>\ndjanos@repro.anyrt.hu<\/p>\n<p><a title=\"Click here to download!\" href=\"http:\/\/www.anyrt.hu\/dl\/anyag-parameterek.pdf\" target=\"_blank\" rel=\"noopener\"><em>The required document settings can be downloaded here as a PDF file.<\/em><\/a><br \/>\n[\/et_pb_text][\/et_pb_column][\/et_pb_row][et_pb_row custom_padding=&#8220;||0px|&#8220; custom_margin=&#8220;||0px|&#8220; module_class=&#8220; et_pb_row_fullwidth&#8220; _builder_version=&#8220;3.25&#8243; width=&#8220;89%&#8220; width_tablet=&#8220;80%&#8220; width_last_edited=&#8220;on|desktop&#8220; max_width=&#8220;89%&#8220; max_width_tablet=&#8220;80%&#8220; max_width_last_edited=&#8220;on|desktop&#8220; module_alignment=&#8220;center&#8220; make_fullwidth=&#8220;on&#8220;][et_pb_column type=&#8220;4_4&#8243; _builder_version=&#8220;3.25&#8243; custom_padding=&#8220;||0px|&#8220; custom_padding__hover=&#8220;|||&#8220;][et_pb_divider color=&#8220;#660000&#8243; divider_position=&#8220;bottom&#8220; divider_weight=&#8220;3&#8243; _builder_version=&#8220;3.15&#8243; height=&#8220;30px&#8220; custom_margin=&#8220;0px||0px|&#8220; custom_padding=&#8220;0px||0px|&#8220;][\/et_pb_divider][\/et_pb_column][\/et_pb_row][\/et_pb_section]<\/p>\n","protected":false},"excerpt":{"rendered":"<p>Die Druckerei Alf\u00f6ldi bittet ihre Partner, die digitale Daten ihrer Ausgaben im PDF-Format vorzubereiten. Die zum Druck vorbereiteten PDF-Daten sollen den folgenden Kriterien entsprechen: Komposit PDF-Datei, m\u00f6glicherweise in Format PDF\/X-1a, PDF\/X-3, PDF\/X-3. CMYK Farbmodus (RGB, CIE, LAB Farbr\u00e4ume k\u00f6nnen wir nicht bearbeiten). Die Verwendung von Direktfarben soll im Auftrag angedeutet werden. Die Version der PDF-Daten [&hellip;]<\/p>\n","protected":false},"author":1,"featured_media":0,"parent":0,"menu_order":0,"comment_status":"closed","ping_status":"closed","template":"","meta":{"_et_pb_use_builder":"on","_et_pb_old_content":"","_et_gb_content_width":""},"_links":{"self":[{"href":"https:\/\/www.anyrt.hu\/de\/wp-json\/wp\/v2\/pages\/870"}],"collection":[{"href":"https:\/\/www.anyrt.hu\/de\/wp-json\/wp\/v2\/pages"}],"about":[{"href":"https:\/\/www.anyrt.hu\/de\/wp-json\/wp\/v2\/types\/page"}],"author":[{"embeddable":true,"href":"https:\/\/www.anyrt.hu\/de\/wp-json\/wp\/v2\/users\/1"}],"replies":[{"embeddable":true,"href":"https:\/\/www.anyrt.hu\/de\/wp-json\/wp\/v2\/comments?post=870"}],"version-history":[{"count":4,"href":"https:\/\/www.anyrt.hu\/de\/wp-json\/wp\/v2\/pages\/870\/revisions"}],"predecessor-version":[{"id":223550,"href":"https:\/\/www.anyrt.hu\/de\/wp-json\/wp\/v2\/pages\/870\/revisions\/223550"}],"wp:attachment":[{"href":"https:\/\/www.anyrt.hu\/de\/wp-json\/wp\/v2\/media?parent=870"}],"curies":[{"name":"wp","href":"https:\/\/api.w.org\/{rel}","templated":true}]}}